{"id":453,"date":"2023-11-02T23:57:09","date_gmt":"2023-11-02T21:57:09","guid":{"rendered":"http:\/\/edenwoodduo.com\/?page_id=453"},"modified":"2023-11-05T19:20:27","modified_gmt":"2023-11-05T17:20:27","slug":"biographie","status":"publish","type":"page","link":"https:\/\/edenwoodduo.com\/en\/biographie\/","title":{"rendered":"About"},"content":{"rendered":"<h2 class=\"wp-block-heading\"><strong>Edenwood Duo<\/strong><\/h2>\n\n\n\n<p>Catherine Struys * classical guitar  &amp; Wouter Vercruysse * cello<\/p>\n\n\n\n<p><\/p>\n\n\n\n<p class=\"has-text-align-left\">In 2016 Catherine Struys and Wouter Vercruysse, a musician couple, decided to extend their partnership to the stage and founded the Edenwood Duo based on the idea of bringing alive repertoire written originally for guitar and cello from the 1950s onwards.<\/p>\n\n\n\n<p class=\"has-text-align-left translation-block\">The duo have followed masterclasses with Sophie Hallynck and Guy Danel and has been performing since its creation both in Belgium and abroad. They gave concerts for prestigious venues as Bijloke Ghent, Palais des Beaux Arts Charleroi, 30CC Leuven, Chambre a Part Lille, Royal Academy London and Festival Millesources (France).\n\nThey are laureate of the International Music Competition L\u00e9opold Bellan 2017 in Paris and the 'revelation' of the International Music Festival 2017 in Cap Ferret.<\/p>\n\n\n\n<p class=\"has-text-align-left translation-block\">The Edenwood Duo has made several recordings, including the world premiere of Alan Charlton's Suite for cello and guitar (Et\u2019Cetera Records) and the works of Koshkin and Gismonti  for the album The GCM Project (A Croch'Note Production). With Another Place and Light Blue, Edenwood released two albums with a selection of works written originally for guitar and cello over the past 30 years.<\/p>\n\n\n\n<p class=\"has-text-align-left translation-block\">Edenwood Duo received praising reviews for their recordings in Gramophone (UK), Larsen (BE), Soundboard (US), Classical Guitar Magazine (US), EarRelevant (US), Guitare Classique (FR), Rondo Magazin (DE) and Pizzicato (LU). Their recordings have been broadcasted on multiple occasions on BBC Radio 3 (UK), France Musique (FR), Klara (BE), Musiq'3 (BE), NPO 4 (NL), de Concertzender (NL), Classical Guitar Alive (US) and Classical Discoveries (US).<\/p>","protected":false},"excerpt":{"rendered":"<p>Edenwood Duo, d\u00e9couvrez les classiques de demain! Catherine Struys * guitare classique &amp; Wouter Vercruysse * violoncelle Form\u00e9s aupr\u00e8s de grands noms de la musique &hellip;<\/p>","protected":false},"author":1,"featured_media":475,"parent":0,"menu_order":0,"comment_status":"closed","ping_status":"closed","template":"","meta":{"jetpack_post_was_ever_published":false,"footnotes":""},"class_list":["post-453","page","type-page","status-publish","has-post-thumbnail","hentry"],"jetpack-related-posts":[],"jetpack_sharing_enabled":true,"_links":{"self":[{"href":"https:\/\/edenwoodduo.com\/en\/wp-json\/wp\/v2\/pages\/453","targetHints":{"allow":["GET"]}}],"collection":[{"href":"https:\/\/edenwoodduo.com\/en\/wp-json\/wp\/v2\/pages"}],"about":[{"href":"https:\/\/edenwoodduo.com\/en\/wp-json\/wp\/v2\/types\/page"}],"author":[{"embeddable":true,"href":"https:\/\/edenwoodduo.com\/en\/wp-json\/wp\/v2\/users\/1"}],"replies":[{"embeddable":true,"href":"https:\/\/edenwoodduo.com\/en\/wp-json\/wp\/v2\/comments?post=453"}],"version-history":[{"count":4,"href":"https:\/\/edenwoodduo.com\/en\/wp-json\/wp\/v2\/pages\/453\/revisions"}],"predecessor-version":[{"id":550,"href":"https:\/\/edenwoodduo.com\/en\/wp-json\/wp\/v2\/pages\/453\/revisions\/550"}],"wp:featuredmedia":[{"embeddable":true,"href":"https:\/\/edenwoodduo.com\/en\/wp-json\/wp\/v2\/media\/475"}],"wp:attachment":[{"href":"https:\/\/edenwoodduo.com\/en\/wp-json\/wp\/v2\/media?parent=453"}],"curies":[{"name":"wp","href":"https:\/\/api.w.org\/{rel}","templated":true}]}}