{"id":483,"date":"2023-11-04T19:28:46","date_gmt":"2023-11-04T17:28:46","guid":{"rendered":"http:\/\/edenwoodduo.com\/?page_id=483"},"modified":"2023-11-04T19:40:37","modified_gmt":"2023-11-04T17:40:37","slug":"light-blue","status":"publish","type":"page","link":"https:\/\/edenwoodduo.com\/en\/light-blue\/","title":{"rendered":"Light Blue"},"content":{"rendered":"<p>Tir\u00e9 de l\u2019album \u00e9ponyme, le programme <em>Light Blue <\/em>s\u2019est constitu\u00e9 au fil des rencontres.<\/p>\n\n\n\n<p>Des oeuvres riches d\u2019influences, aux atmosph\u00e8res bien diff\u00e9rentes qui conduiront l\u2019auditeur \u00e0 d\u00e9couvrir toutes les possibilit\u00e9s qu\u2019offrent cette combinaison d\u2019instruments si attachante qu\u2019est le duo guitare et violoncelle. <em><a href=\"https:\/\/open.spotify.com\/intl-fr\/album\/1MoC5TzXFDOoqef13L0LY5?si=yJC7hURQQNqdg0j1_wElpA\">Light Blue<\/a> <\/em>est une fusion de genres, \u00e0 la fronti\u00e8re entre le classique, le jazz, la musique de film, le rock.<\/p>\n\n\n\n<p><\/p>\n\n\n\n<p><strong>Programme<\/strong><\/p>\n\n\n\n<p><em><a href=\"https:\/\/youtu.be\/Hm21tCWtvss?si=2Hdgvd5QdEVdXuZV\">Sonate en quatre r\u00eaves<\/a><\/em> de Mathias Duplessy<\/p>\n\n\n\n<p><em><a href=\"https:\/\/youtu.be\/1UONtBBep4g?si=lSXfGXhL_mibnZau\">Episodics<\/a><\/em> de Nathan Kolosko<\/p>\n\n\n\n<p><em><a href=\"https:\/\/youtu.be\/ynkuqgFtDEE?si=T_bihZpc4VJr7NuK\">Light Blue<\/a><\/em> de Giorgio Mirto<\/p>\n\n\n\n<p><em><a href=\"https:\/\/youtu.be\/16Lu0CEbpr4?si=EUHNBj_L5t1o_l8S\">S\u00e9r\u00e9nade<\/a><\/em> de Nicolas Meunier<\/p>\n\n\n\n<p><em><a href=\"https:\/\/youtu.be\/BS8UAXuh8HY?si=lxSNrMJmVAariXdE\">Canticum Maris<\/a><\/em> d&rsquo;Armand Coeck<\/p>\n\n\n\n<p><em><a href=\"https:\/\/youtu.be\/uJkG3fhdzTw?si=_iAtO5SnSojuqzue\">Strings of Silence<\/a><\/em> d&rsquo;Asgeir Aar\u00f8en<\/p>\n\n\n\n<p><\/p>\n\n\n\n<p><strong>Minutage<\/strong><\/p>\n\n\n\n<p>version courte: 50 minutes<\/p>\n\n\n\n<p>version longue: 2 x 45 minutes<\/p>","protected":false},"excerpt":{"rendered":"<p>Tir\u00e9 de l\u2019album \u00e9ponyme, le programme Light Blue s\u2019est constitu\u00e9 au fil des rencontres. Des oeuvres riches d\u2019influences, aux atmosph\u00e8res bien diff\u00e9rentes qui conduiront l\u2019auditeur &hellip;<\/p>","protected":false},"author":1,"featured_media":485,"parent":0,"menu_order":0,"comment_status":"closed","ping_status":"closed","template":"","meta":{"jetpack_post_was_ever_published":false,"footnotes":""},"class_list":["post-483","page","type-page","status-publish","has-post-thumbnail","hentry"],"jetpack-related-posts":[],"jetpack_sharing_enabled":true,"_links":{"self":[{"href":"https:\/\/edenwoodduo.com\/en\/wp-json\/wp\/v2\/pages\/483","targetHints":{"allow":["GET"]}}],"collection":[{"href":"https:\/\/edenwoodduo.com\/en\/wp-json\/wp\/v2\/pages"}],"about":[{"href":"https:\/\/edenwoodduo.com\/en\/wp-json\/wp\/v2\/types\/page"}],"author":[{"embeddable":true,"href":"https:\/\/edenwoodduo.com\/en\/wp-json\/wp\/v2\/users\/1"}],"replies":[{"embeddable":true,"href":"https:\/\/edenwoodduo.com\/en\/wp-json\/wp\/v2\/comments?post=483"}],"version-history":[{"count":5,"href":"https:\/\/edenwoodduo.com\/en\/wp-json\/wp\/v2\/pages\/483\/revisions"}],"predecessor-version":[{"id":499,"href":"https:\/\/edenwoodduo.com\/en\/wp-json\/wp\/v2\/pages\/483\/revisions\/499"}],"wp:featuredmedia":[{"embeddable":true,"href":"https:\/\/edenwoodduo.com\/en\/wp-json\/wp\/v2\/media\/485"}],"wp:attachment":[{"href":"https:\/\/edenwoodduo.com\/en\/wp-json\/wp\/v2\/media?parent=483"}],"curies":[{"name":"wp","href":"https:\/\/api.w.org\/{rel}","templated":true}]}}