{"id":488,"date":"2023-11-04T19:34:02","date_gmt":"2023-11-04T17:34:02","guid":{"rendered":"http:\/\/edenwoodduo.com\/?page_id=488"},"modified":"2024-07-25T18:16:26","modified_gmt":"2024-07-25T16:16:26","slug":"new-larpeggione","status":"publish","type":"page","link":"https:\/\/edenwoodduo.com\/en\/new-larpeggione\/","title":{"rendered":"NEW! Heritage"},"content":{"rendered":"<p>Remembering where we came from and looking to the future. <\/p>\n\n\n\n<p class=\"translation-block\">A programme linking past and future, featuring Franz Schubert's famous \u201cArpeggione\u201d Sonata and Erik Desimpelaere's latest Suite for Cello and Guitar.<\/p>\n\n\n\n<div class=\"wp-block-group is-vertical is-layout-flex wp-container-core-group-is-layout-8cf370e7 wp-block-group-is-layout-flex\">\n<p>The Arpeggione is an extinct instrument.&nbsp;<\/p>\n\n\n\n<p>Six strings, a bow, frets... the marriage of a cello and a guitar. It gave its name to one of Franz Schubert's most famous pieces.<\/p>\n\n\n\n<p class=\"translation-block\">The version for guitar and cello of the Arpeggione Sonata is refreshing and allows us to rediscover it in a new light.<\/p>\n<\/div>\n\n\n\n<p class=\"translation-block\">L'Arpeggione opens the door to the discovery of works recently composed for the Edenwood Duo, including Erik Desimpelaere's magnificent Suite for Guitar and Cello, a virtuoso piece that explores the different possibilities of these two instruments with great finesse and emotion.<\/p>","protected":false},"excerpt":{"rendered":"<p>Se souvenir d&rsquo;o\u00f9 l&rsquo;on vient et poser son regard sur l&rsquo;avenir. Un programme mettant en lien pass\u00e9 et futur avec, \u00e0 l&rsquo;honneur, la c\u00e9l\u00e8bre Sonate &hellip;<\/p>","protected":false},"author":1,"featured_media":489,"parent":0,"menu_order":0,"comment_status":"closed","ping_status":"closed","template":"","meta":{"jetpack_post_was_ever_published":false,"footnotes":""},"class_list":["post-488","page","type-page","status-publish","has-post-thumbnail","hentry"],"jetpack-related-posts":[],"jetpack_sharing_enabled":true,"_links":{"self":[{"href":"https:\/\/edenwoodduo.com\/en\/wp-json\/wp\/v2\/pages\/488","targetHints":{"allow":["GET"]}}],"collection":[{"href":"https:\/\/edenwoodduo.com\/en\/wp-json\/wp\/v2\/pages"}],"about":[{"href":"https:\/\/edenwoodduo.com\/en\/wp-json\/wp\/v2\/types\/page"}],"author":[{"embeddable":true,"href":"https:\/\/edenwoodduo.com\/en\/wp-json\/wp\/v2\/users\/1"}],"replies":[{"embeddable":true,"href":"https:\/\/edenwoodduo.com\/en\/wp-json\/wp\/v2\/comments?post=488"}],"version-history":[{"count":9,"href":"https:\/\/edenwoodduo.com\/en\/wp-json\/wp\/v2\/pages\/488\/revisions"}],"predecessor-version":[{"id":644,"href":"https:\/\/edenwoodduo.com\/en\/wp-json\/wp\/v2\/pages\/488\/revisions\/644"}],"wp:featuredmedia":[{"embeddable":true,"href":"https:\/\/edenwoodduo.com\/en\/wp-json\/wp\/v2\/media\/489"}],"wp:attachment":[{"href":"https:\/\/edenwoodduo.com\/en\/wp-json\/wp\/v2\/media?parent=488"}],"curies":[{"name":"wp","href":"https:\/\/api.w.org\/{rel}","templated":true}]}}