{"id":605,"date":"2024-05-10T15:06:33","date_gmt":"2024-05-10T13:06:33","guid":{"rendered":"https:\/\/edenwoodduo.com\/?post_type=product&#038;p=605"},"modified":"2025-05-03T00:20:04","modified_gmt":"2025-05-02T22:20:04","slug":"another-place-cd","status":"publish","type":"product","link":"https:\/\/edenwoodduo.com\/en\/product\/another-place-cd\/","title":{"rendered":"Another Place &#8211; CD"},"content":{"rendered":"<p>Enjoy a captivating selection of works written especially for guitar and cello by Nathan Kolosko, Erkki-Sven T\u00fc\u00fcr, Mathias Duplessy, Raffaele Bellafronte, Michel Lysight and Armand Coeck.<\/p>\n<p><a href=\"https:\/\/youtu.be\/ukzPCfx9bHE?si=rgZ_F0LjqFUjT6fo\">Watch the album promo video.<\/a><\/p>","protected":false},"excerpt":{"rendered":"<p>Une s\u00e9lection d&rsquo;oeuvres originalement \u00e9crites pour guitare et violoncelle par Nathan Kolosko, Erkki-Sven T\u00fc\u00fcr, Mathias Duplessy, Raffaele Bellafronte, Michel Lysight et Armand Coeck. Vid\u00e9o de &hellip;<\/p>","protected":false},"featured_media":606,"comment_status":"open","ping_status":"closed","template":"","meta":{"jetpack_post_was_ever_published":false},"product_brand":[],"product_cat":[20],"product_tag":[],"class_list":{"0":"post-605","1":"product","2":"type-product","3":"status-publish","4":"has-post-thumbnail","6":"product_cat-disque","8":"first","9":"instock","10":"shipping-taxable","11":"purchasable","12":"product-type-simple"},"jetpack-related-posts":[],"jetpack_sharing_enabled":true,"_links":{"self":[{"href":"https:\/\/edenwoodduo.com\/en\/wp-json\/wp\/v2\/product\/605","targetHints":{"allow":["GET"]}}],"collection":[{"href":"https:\/\/edenwoodduo.com\/en\/wp-json\/wp\/v2\/product"}],"about":[{"href":"https:\/\/edenwoodduo.com\/en\/wp-json\/wp\/v2\/types\/product"}],"replies":[{"embeddable":true,"href":"https:\/\/edenwoodduo.com\/en\/wp-json\/wp\/v2\/comments?post=605"}],"wp:featuredmedia":[{"embeddable":true,"href":"https:\/\/edenwoodduo.com\/en\/wp-json\/wp\/v2\/media\/606"}],"wp:attachment":[{"href":"https:\/\/edenwoodduo.com\/en\/wp-json\/wp\/v2\/media?parent=605"}],"wp:term":[{"taxonomy":"product_brand","embeddable":true,"href":"https:\/\/edenwoodduo.com\/en\/wp-json\/wp\/v2\/product_brand?post=605"},{"taxonomy":"product_cat","embeddable":true,"href":"https:\/\/edenwoodduo.com\/en\/wp-json\/wp\/v2\/product_cat?post=605"},{"taxonomy":"product_tag","embeddable":true,"href":"https:\/\/edenwoodduo.com\/en\/wp-json\/wp\/v2\/product_tag?post=605"}],"curies":[{"name":"wp","href":"https:\/\/api.w.org\/{rel}","templated":true}]}}