{"id":609,"date":"2024-05-10T15:05:15","date_gmt":"2024-05-10T13:05:15","guid":{"rendered":"https:\/\/edenwoodduo.com\/?post_type=product&#038;p=609"},"modified":"2025-05-03T00:20:14","modified_gmt":"2025-05-02T22:20:14","slug":"the-gcm-project-cd","status":"publish","type":"product","link":"https:\/\/edenwoodduo.com\/en\/product\/the-gcm-project-cd\/","title":{"rendered":"The GCM Project &#8211; CD"},"content":{"rendered":"<p>Explore captivating repertoire where the guitar meets other instruments such as flute and cello, featuring works by Nikita Koshkin, Egberto Gismonti, Atanas Ourkouzounov, Boris Gaquere, Laurent Boutros and Beno\u00eet Duc\u00e8ne\u2026<\/p>\n<p>guitars: Catherine Struys and Beno\u00eet Duc\u00e8ne \u2013 cello: Wouter Vercruysse \u2013 flute: Renata Kambarova<\/p>\n<p><a href=\"https:\/\/youtu.be\/2OUQ_qs4gXo?si=l1qb__6W0_YDu6Du\">Watch the album promo video.<\/a><\/p>","protected":false},"excerpt":{"rendered":"<p>D\u00e9couvrez quelques pages du r\u00e9pertoire m\u00ealant la guitare \u00e0 d&rsquo;autres instruments tels que la fl\u00fbte et le violoncelle au travers d&rsquo;oeuvres de Nikita Koshkin, Egberto &hellip;<\/p>","protected":false},"featured_media":610,"comment_status":"open","ping_status":"closed","template":"","meta":{"jetpack_post_was_ever_published":false},"product_brand":[],"product_cat":[20],"product_tag":[],"class_list":{"0":"post-609","1":"product","2":"type-product","3":"status-publish","4":"has-post-thumbnail","6":"product_cat-disque","8":"first","9":"instock","10":"shipping-taxable","11":"purchasable","12":"product-type-simple"},"jetpack-related-posts":[],"jetpack_sharing_enabled":true,"_links":{"self":[{"href":"https:\/\/edenwoodduo.com\/en\/wp-json\/wp\/v2\/product\/609","targetHints":{"allow":["GET"]}}],"collection":[{"href":"https:\/\/edenwoodduo.com\/en\/wp-json\/wp\/v2\/product"}],"about":[{"href":"https:\/\/edenwoodduo.com\/en\/wp-json\/wp\/v2\/types\/product"}],"replies":[{"embeddable":true,"href":"https:\/\/edenwoodduo.com\/en\/wp-json\/wp\/v2\/comments?post=609"}],"wp:featuredmedia":[{"embeddable":true,"href":"https:\/\/edenwoodduo.com\/en\/wp-json\/wp\/v2\/media\/610"}],"wp:attachment":[{"href":"https:\/\/edenwoodduo.com\/en\/wp-json\/wp\/v2\/media?parent=609"}],"wp:term":[{"taxonomy":"product_brand","embeddable":true,"href":"https:\/\/edenwoodduo.com\/en\/wp-json\/wp\/v2\/product_brand?post=609"},{"taxonomy":"product_cat","embeddable":true,"href":"https:\/\/edenwoodduo.com\/en\/wp-json\/wp\/v2\/product_cat?post=609"},{"taxonomy":"product_tag","embeddable":true,"href":"https:\/\/edenwoodduo.com\/en\/wp-json\/wp\/v2\/product_tag?post=609"}],"curies":[{"name":"wp","href":"https:\/\/api.w.org\/{rel}","templated":true}]}}