{"id":706,"date":"2025-05-03T00:17:01","date_gmt":"2025-05-02T22:17:01","guid":{"rendered":"https:\/\/edenwoodduo.com\/?post_type=product&#038;p=706"},"modified":"2025-05-05T01:31:25","modified_gmt":"2025-05-04T23:31:25","slug":"you-take-my-breath-away","status":"publish","type":"product","link":"https:\/\/edenwoodduo.com\/en\/product\/you-take-my-breath-away\/","title":{"rendered":"You Take My Breath Away"},"content":{"rendered":"<h3>You take my breath away &#8211; Freddie Mercury<\/h3>\n<p>Experience the magic of Queen like never before!<br data-start=\"254\" data-end=\"257\" \/>French guitarist and arranger Pascal Proust has crafted a beautiful new version of Freddie Mercury\u2019s haunting ballad You Take My Breath Away, specially arranged for Edenwood Duo. <em data-start=\"344\" data-end=\"369\">You Take My Breath Away<\/em>, la ballade mythique de Freddie Mercury, sp\u00e9cialement con\u00e7ue pour le Edenwood Duo.<br data-start=\"452\" data-end=\"455\" \/>Originally featured on Queen\u2019s iconic album <em data-start=\"488\" data-end=\"508\">A Day at the Races<\/em>this timeless classic comes to life in an intimate and emotional new interpretation.<br data-start=\"598\" data-end=\"601\" \/>Let our performance take your breath away.<\/p>\n<p>&nbsp;<\/p>\n<p>Download in 44.1 khz 16 bit wav format<\/p>\n<p>Composer : Freddie Mercury<\/p>\n<p>Artist: Edenwood Duo \u2013 Catherine Struys (guitar) &amp; Wouter Vercruysse (cello)<\/p>\n<p>Arranger: Pascal Proust<\/p>\n<p>Recording engineer: Bert Lietaert<\/p>\n<p>Recorded @ Bluebird Recording Studio Kortemark Belgium, 23 February 2023<\/p>\n<p>\u00a9 Queen<\/p>\n<p>\u24c5 A Croch&rsquo;Note Production<\/p>\n<p>&nbsp;<\/p>\n<p>&nbsp;<\/p>","protected":false},"excerpt":{"rendered":"<p>You take my breath away &#8211; Freddie Mercury Red\u00e9couvrez la magie de Queen \u00e0 travers une interpr\u00e9tation in\u00e9dite !Le guitariste et arrangeur fran\u00e7ais Pascal Proust &hellip;<\/p>","protected":false},"featured_media":707,"comment_status":"open","ping_status":"closed","template":"","meta":{"jetpack_post_was_ever_published":false},"product_brand":[],"product_cat":[19],"product_tag":[],"class_list":{"0":"post-706","1":"product","2":"type-product","3":"status-publish","4":"has-post-thumbnail","6":"product_cat-download","8":"first","9":"instock","10":"downloadable","11":"virtual","12":"purchasable","13":"product-type-simple"},"jetpack-related-posts":[],"jetpack_sharing_enabled":true,"_links":{"self":[{"href":"https:\/\/edenwoodduo.com\/en\/wp-json\/wp\/v2\/product\/706","targetHints":{"allow":["GET"]}}],"collection":[{"href":"https:\/\/edenwoodduo.com\/en\/wp-json\/wp\/v2\/product"}],"about":[{"href":"https:\/\/edenwoodduo.com\/en\/wp-json\/wp\/v2\/types\/product"}],"replies":[{"embeddable":true,"href":"https:\/\/edenwoodduo.com\/en\/wp-json\/wp\/v2\/comments?post=706"}],"wp:featuredmedia":[{"embeddable":true,"href":"https:\/\/edenwoodduo.com\/en\/wp-json\/wp\/v2\/media\/707"}],"wp:attachment":[{"href":"https:\/\/edenwoodduo.com\/en\/wp-json\/wp\/v2\/media?parent=706"}],"wp:term":[{"taxonomy":"product_brand","embeddable":true,"href":"https:\/\/edenwoodduo.com\/en\/wp-json\/wp\/v2\/product_brand?post=706"},{"taxonomy":"product_cat","embeddable":true,"href":"https:\/\/edenwoodduo.com\/en\/wp-json\/wp\/v2\/product_cat?post=706"},{"taxonomy":"product_tag","embeddable":true,"href":"https:\/\/edenwoodduo.com\/en\/wp-json\/wp\/v2\/product_tag?post=706"}],"curies":[{"name":"wp","href":"https:\/\/api.w.org\/{rel}","templated":true}]}}